{"id":558,"date":"2016-01-13T17:48:37","date_gmt":"2016-01-13T17:48:37","guid":{"rendered":"http:\/\/consulting.stylemixthemes.com\/?page_id=558"},"modified":"2025-03-03T20:46:09","modified_gmt":"2025-03-03T20:46:09","slug":"servicios","status":"publish","type":"page","link":"https:\/\/consulsar.com\/en\/servicios\/","title":{"rendered":"Services"},"content":{"rendered":"<div class=\"wpb-content-wrapper\"><div class=\"vc_row wpb_row vc_row-fluid\"><div class=\"wpb_column vc_column_container vc_col-sm-12\"><div class=\"vc_column-inner\"><div class=\"wpb_wrapper\">\n\n    <div class=\"stm_services style_1 cols_2\">\n                    <div class=\"item\">\n                <div class=\"item_wr\">\n                                            \n                        <div class=\"item_thumbnail\">\n                            <a href=\"https:\/\/consulsar.com\/en\/service\/servicios-tributarios\/\">\n                                <img loading=\"lazy\" decoding=\"async\" width=\"255\" height=\"182\" src=\"https:\/\/consulsar.com\/wp-content\/uploads\/2025\/02\/Asesoria-Tributaria-Especializada_image1-255x182.jpg\" class=\"attachment-consulting-image-255x182-croped\" alt=\"\" title=\"Servicios_Tributarios_image1\" srcset=\"https:\/\/consulsar.com\/wp-content\/uploads\/2025\/02\/Asesoria-Tributaria-Especializada_image1-255x182.jpg 255w, https:\/\/consulsar.com\/wp-content\/uploads\/2025\/02\/Asesoria-Tributaria-Especializada_image1-350x250.jpg 350w, https:\/\/consulsar.com\/wp-content\/uploads\/2025\/02\/Asesoria-Tributaria-Especializada_image1-900x640.jpg 900w\" sizes=\"auto, (max-width: 255px) 100vw, 255px\" \/>                            <\/a>\n                                                    <\/div>\n                                                            <div class=\"content\" >\n                                                    <h5><a href=\"https:\/\/consulsar.com\/en\/service\/servicios-tributarios\/\"  >Tax services<\/a><\/h5>\n                                                                                                    <p>Tax services for the management of taxes and fiscal obligations, ensuring compliance with tax regulations while optimizing your tax situation.<\/p>\n                                                                            <a class=\"read_more\"\n                               href=\"https:\/\/consulsar.com\/en\/service\/servicios-tributarios\/\" >\n                                <span>read more<\/span>\n                                <i class=\"fa fa-chevron-right\"><\/i>\n                            <\/a>\n                                            <\/div>\n                <\/div>\n            <\/div>\n                    <div class=\"item\">\n                <div class=\"item_wr\">\n                                            \n                        <div class=\"item_thumbnail\">\n                            <a href=\"https:\/\/consulsar.com\/en\/service\/auditorias\/\">\n                                <img loading=\"lazy\" decoding=\"async\" width=\"255\" height=\"182\" src=\"https:\/\/consulsar.com\/wp-content\/uploads\/2025\/02\/Servicios_Auditoria-255x182.jpg\" class=\"attachment-consulting-image-255x182-croped\" alt=\"\" title=\"Servicios_Auditoria\" srcset=\"https:\/\/consulsar.com\/wp-content\/uploads\/2025\/02\/Servicios_Auditoria-255x182.jpg 255w, https:\/\/consulsar.com\/wp-content\/uploads\/2025\/02\/Servicios_Auditoria-350x250.jpg 350w, https:\/\/consulsar.com\/wp-content\/uploads\/2025\/02\/Servicios_Auditoria-900x640.jpg 900w\" sizes=\"auto, (max-width: 255px) 100vw, 255px\" \/>                            <\/a>\n                                                    <\/div>\n                                                            <div class=\"content\" >\n                                                    <h5><a href=\"https:\/\/consulsar.com\/en\/service\/auditorias\/\"  >Financial Audit Services<\/a><\/h5>\n                                                                                                    <p>Financial Audit Services, systematic processes of review, evaluation and verification of the financial information of your company or organization. <\/p>\n                                                                            <a class=\"read_more\"\n                               href=\"https:\/\/consulsar.com\/en\/service\/auditorias\/\" >\n                                <span>read more<\/span>\n                                <i class=\"fa fa-chevron-right\"><\/i>\n                            <\/a>\n                                            <\/div>\n                <\/div>\n            <\/div>\n                    <div class=\"item\">\n                <div class=\"item_wr\">\n                                            \n                        <div class=\"item_thumbnail\">\n                            <a href=\"https:\/\/consulsar.com\/en\/service\/servicios-contables-y-analisis-financiero\/\">\n                                <img loading=\"lazy\" decoding=\"async\" width=\"255\" height=\"182\" src=\"https:\/\/consulsar.com\/wp-content\/uploads\/2025\/02\/Servicios_Contables-255x182.jpg\" class=\"attachment-consulting-image-255x182-croped\" alt=\"\" title=\"Servicios_Contables\" srcset=\"https:\/\/consulsar.com\/wp-content\/uploads\/2025\/02\/Servicios_Contables-255x182.jpg 255w, https:\/\/consulsar.com\/wp-content\/uploads\/2025\/02\/Servicios_Contables-350x250.jpg 350w, https:\/\/consulsar.com\/wp-content\/uploads\/2025\/02\/Servicios_Contables-900x640.jpg 900w\" sizes=\"auto, (max-width: 255px) 100vw, 255px\" \/>                            <\/a>\n                                                    <\/div>\n                                                            <div class=\"content\" >\n                                                    <h5><a href=\"https:\/\/consulsar.com\/en\/service\/servicios-contables-y-analisis-financiero\/\"  >Accounting Services and Financial Analysis<\/a><\/h5>\n                                                                                                    <p>Accounting Services and Financial Analysis are key to the stability and growth of your company. Proper accounting management ensures regulatory compliance, tax optimization, and financial control.<\/p>\n                                                                            <a class=\"read_more\"\n                               href=\"https:\/\/consulsar.com\/en\/service\/servicios-contables-y-analisis-financiero\/\" >\n                                <span>read more<\/span>\n                                <i class=\"fa fa-chevron-right\"><\/i>\n                            <\/a>\n                                            <\/div>\n                <\/div>\n            <\/div>\n                    <div class=\"item\">\n                <div class=\"item_wr\">\n                                            \n                        <div class=\"item_thumbnail\">\n                            <a href=\"https:\/\/consulsar.com\/en\/service\/servicios-legales\/\">\n                                <img loading=\"lazy\" decoding=\"async\" width=\"255\" height=\"182\" src=\"https:\/\/consulsar.com\/wp-content\/uploads\/2025\/02\/Servicios_Legales-255x182.jpg\" class=\"attachment-consulting-image-255x182-croped\" alt=\"\" title=\"Servicios_Legales\" srcset=\"https:\/\/consulsar.com\/wp-content\/uploads\/2025\/02\/Servicios_Legales-255x182.jpg 255w, https:\/\/consulsar.com\/wp-content\/uploads\/2025\/02\/Servicios_Legales-350x250.jpg 350w, https:\/\/consulsar.com\/wp-content\/uploads\/2025\/02\/Servicios_Legales-900x640.jpg 900w\" sizes=\"auto, (max-width: 255px) 100vw, 255px\" \/>                            <\/a>\n                                                    <\/div>\n                                                            <div class=\"content\" >\n                                                    <h5><a href=\"https:\/\/consulsar.com\/en\/service\/servicios-legales\/\"  >Legal Services<\/a><\/h5>\n                                                                                                    <p>Legal Services designed to ensure your peace of mind, protect your assets, and provide effective legal solutions across various areas of law.<\/p>\n                                                                            <a class=\"read_more\"\n                               href=\"https:\/\/consulsar.com\/en\/service\/servicios-legales\/\" >\n                                <span>read more<\/span>\n                                <i class=\"fa fa-chevron-right\"><\/i>\n                            <\/a>\n                                            <\/div>\n                <\/div>\n            <\/div>\n            <\/div>\n<\/div><\/div><\/div><\/div><div data-vc-full-width=\"true\" data-vc-full-width-init=\"false\" class=\"vc_row wpb_row vc_row-fluid secondary_bg_color vc_custom_1740507168650\"><div class=\"wpb_column vc_column_container vc_col-sm-12\"><div class=\"vc_column-inner\"><div class=\"wpb_wrapper\">\n<section class=\"vc_cta3-container\" >\n    <div class=\"vc_general vc_cta3 secondary_bg_color vc_cta3-style-flat vc_cta3-shape-square vc_cta3-align-left vc_cta3-color-grey vc_cta3-icon-size-md vc_cta3-actions-right vc_custom_1740507337825 style=\"\"\">\n                        <div class=\"vc_cta3_content-container\">\n                                    <div class=\"vc_cta3-content\">\n                <header class=\"vc_cta3-content-header\">\n                    <div class=\"vc_custom_heading text_align_left\" ><h2 style=\"font-size: 20px;color: #FFFFFF;line-height: 24px;text-align: left\" class=\"consulting-custom-title\">Looking for personalized and expert guidance from one of our advisors?<\/h2><\/div>                                    <\/header>\n                            <\/div>\n                        <div class=\"vc_cta3-actions\"><div class=\"vc_btn3-container vc_btn3-right vc_do_btn\" ><a class=\"vc_general vc_btn3 vc_btn3-size-lg vc_btn3-shape-rounded vc_btn3-style-flat vc_btn3-block vc_btn3-icon-right vc_btn3-color-theme_style_3\" href=\"https:\/\/consulsar.com\/en\/contacto\/\" title=\"Contact us\">Contact <i class=\"vc_btn3-icon stm-munich-atomic\"><\/i><\/a><\/div><\/div>        <\/div>\n                    <\/div>\n<\/section><\/div><\/div><\/div><\/div><div class=\"vc_row-full-width vc_clearfix\"><\/div>\n<\/div>","protected":false},"excerpt":{"rendered":"Servicios Legales Nuestros Servicios Legales est\u00e1n dise\u00f1ados para garantizar su tranquilidad, proteger su patrimonio y ofrecer soluciones jur\u00eddicas efectivas en distintas \u00e1reas del derecho. En CONSULSAR, brindamos asesor\u00eda especializada en temas tributarios, civiles, laborales y financieros, asegurando el cumplimiento normativo y una correcta gesti\u00f3n de sus obligaciones legales. Contar con asesor\u00eda legal especializada le permite","protected":false},"author":12,"featured_media":0,"parent":0,"menu_order":0,"comment_status":"closed","ping_status":"closed","template":"","meta":{"om_disable_all_campaigns":false,"_monsterinsights_skip_tracking":false,"_monsterinsights_sitenote_active":false,"_monsterinsights_sitenote_note":"","_monsterinsights_sitenote_category":0,"footnotes":""},"class_list":["post-558","page","type-page","status-publish","hentry"],"aioseo_notices":[],"_links":{"self":[{"href":"https:\/\/consulsar.com\/en\/wp-json\/wp\/v2\/pages\/558","targetHints":{"allow":["GET"]}}],"collection":[{"href":"https:\/\/consulsar.com\/en\/wp-json\/wp\/v2\/pages"}],"about":[{"href":"https:\/\/consulsar.com\/en\/wp-json\/wp\/v2\/types\/page"}],"author":[{"embeddable":true,"href":"https:\/\/consulsar.com\/en\/wp-json\/wp\/v2\/users\/12"}],"replies":[{"embeddable":true,"href":"https:\/\/consulsar.com\/en\/wp-json\/wp\/v2\/comments?post=558"}],"version-history":[{"count":5,"href":"https:\/\/consulsar.com\/en\/wp-json\/wp\/v2\/pages\/558\/revisions"}],"predecessor-version":[{"id":100331,"href":"https:\/\/consulsar.com\/en\/wp-json\/wp\/v2\/pages\/558\/revisions\/100331"}],"wp:attachment":[{"href":"https:\/\/consulsar.com\/en\/wp-json\/wp\/v2\/media?parent=558"}],"curies":[{"name":"wp","href":"https:\/\/api.w.org\/{rel}","templated":true}]}}