{"id":3,"date":"2024-08-29T12:09:13","date_gmt":"2024-08-29T12:09:13","guid":{"rendered":"http:\/\/test.local\/?page_id=3"},"modified":"2025-04-04T04:20:34","modified_gmt":"2025-04-04T04:20:34","slug":"politicas-de-privacidad","status":"publish","type":"page","link":"https:\/\/consulsar.com\/en\/politicas-de-privacidad\/","title":{"rendered":"Privacy Policies"},"content":{"rendered":"<div class=\"wpb-content-wrapper\"><div class=\"vc_row wpb_row vc_row-fluid\"><div class=\"wpb_column vc_column_container vc_col-sm-12\"><div class=\"vc_column-inner\"><div class=\"wpb_wrapper\"><div class=\"vc_custom_heading text_align_center\" ><h1 style=\"color: #111111;text-align: center\" class=\"consulting-custom-title\">POLITICAS DE PRIVACIDAD DE DATOS PERSONALES Y HABEAS DATA CONSULSAR S.A.S<\/h1><\/div><div class=\"vc_empty_space\"   style=\"height: 32px\"><span class=\"vc_empty_space_inner\"><\/span><\/div>\n\t<div class=\"wpb_text_column wpb_content_element\" >\n\t\t<div class=\"wpb_wrapper\">\n\t\t\t<h4 class=\"wp-block-heading\">INTRODUCCI\u00d3N<\/h4>\n<p>Consultores y Asesores Tributarios S.A.S. \u201cCONSULSAR S.A.S\u201d es una compa\u00f1\u00eda totalmente comprometida con la protecci\u00f3n de la informaci\u00f3n de sus datos confidenciales, por lo tanto, provee una pol\u00edtica de protecci\u00f3n de datos que acoge a clientes y empleados.<\/p>\n<p>Esta pol\u00edtica de datos personales est\u00e1 organizada cumpliendo la ley 1581 de 2012 y el decreto 1377 de 2013 que describe y reglamenta respectivamente el r\u00e9gimen general de protecci\u00f3n de datos personales. La ley describe en su art\u00edculo 1, tiene por objeto \u201c(\u2026) desarrollar el derecho constitucional que tienen todas las personas a conocer, actualizar y rectificar las informaciones que se hayan recogido sobre ellas en bases de datos o archivos, y los dem\u00e1s derechos, libertades y garant\u00edas constitucionales a que se refiere el art\u00edculo 15 de la Constituci\u00f3n Pol\u00edtica; as\u00ed como el derecho a la informaci\u00f3n consagrado en el art\u00edculo 20 de la misma\u201d.<\/p>\n<h4>RECOLECCI\u00d3N DE DATOS<\/h4>\n<p>En CONSULSAR S.A.S tenemos como pol\u00edtica disminuir al m\u00e1ximo la cantidad de informaci\u00f3n requerida, as\u00ed que para cada caso solo ser\u00e1 requerida informaci\u00f3n pertinente para la realizaci\u00f3n de la realizaci\u00f3n del trabajo o la tarea, evitando al m\u00e1ximo recolectar informaci\u00f3n irrelevante o datos sensibles. Si en alg\u00fan momento considera que la informaci\u00f3n pedida por medio de la p\u00e1gina WEB o el correo es innecesaria para el objetivo de la tarea por favor comun\u00edquese al correo consulsar@consulsar.com.<\/p>\n<p>Asimismo, se nos permite informar que la recolecci\u00f3n de datos se hace por medio de los siguientes medios:<\/p>\n<ul>\n<li>Mensaje directo por correo electr\u00f3nico<\/li>\n<li>V\u00eda telef\u00f3nica<\/li>\n<li>Visita directa a la compa\u00f1\u00eda.<\/li>\n<\/ul>\n<p>En ning\u00fan caso, CONSULSAR S.A.S compartir\u00e1 tu informaci\u00f3n personal con terceros sin tu previa autorizaci\u00f3n.<br \/>Toda la informaci\u00f3n personal obtenida por CONSULSAR S.A.S por parte de terceros se entiende que ha sido obtenida legalmente y compartida a CONSULSAR S.A.S con el debido permiso del titular.<\/p>\n<h4>CONSULTAS, CAMBIOS O ELIMINACI\u00d3N DE INFORMACI\u00d3N PERSONAL<\/h4>\n<p>En CONSULSAR S.A.S estamos totalmente a disposici\u00f3n de nuestros clientes y de la ley colombiana por esto permite solicitudes como consultar, cambiar o eliminar su informaci\u00f3n en la base de datos. Las solicitudes ser\u00e1n recibidas en el correo consulsar@consulsar.com o directamente en la direcci\u00f3n de la empresa.<\/p>\n<h4>MODIFICACIONES Y ENMIENDAS A ESTA POL\u00cdTICA DE PRIVACIDAD<\/h4>\n<p>CONSULSAR S.A.S se reserva el derecho de modificar en cualquier momento su pol\u00edtica de tratamiento de datos personales. En caso de ocurrir esto, se publicar\u00e1 en el sitio WEB para informar oportunamente a todos los titulares.<\/p>\n<h4>SEGURIDAD<\/h4>\n<p>CONSULSAR S.A.S cuenta con protecci\u00f3n a los datos personales en sus bases de datos por medio de herramientas tecnol\u00f3gicas, todos los empleados de CONSULSAR S.A.S han firmado contrato de confidencialidad que los obliga a garantizar la protecci\u00f3n de los datos personales.<\/p>\n\n\t\t<\/div>\n\t<\/div>\n<\/div><\/div><\/div><\/div><\/div>","protected":false},"excerpt":{"rendered":"POLITICAS DE PRIVACIDAD DE DATOS PERSONALES Y HABEAS DATA CONSULSAR S.A.S INTRODUCCI\u00d3N Consultores y Asesores Tributarios S.A.S. \u201cCONSULSAR S.A.S\u201d es una compa\u00f1\u00eda totalmente comprometida con la protecci\u00f3n de la informaci\u00f3n de sus datos confidenciales, por lo tanto, provee una pol\u00edtica de protecci\u00f3n de datos que acoge a clientes y empleados. Esta pol\u00edtica de datos personales","protected":false},"author":12,"featured_media":0,"parent":0,"menu_order":0,"comment_status":"closed","ping_status":"open","template":"","meta":{"om_disable_all_campaigns":false,"_monsterinsights_skip_tracking":false,"_monsterinsights_sitenote_active":false,"_monsterinsights_sitenote_note":"","_monsterinsights_sitenote_category":0,"footnotes":""},"class_list":["post-3","page","type-page","status-publish","hentry"],"aioseo_notices":[],"_links":{"self":[{"href":"https:\/\/consulsar.com\/en\/wp-json\/wp\/v2\/pages\/3","targetHints":{"allow":["GET"]}}],"collection":[{"href":"https:\/\/consulsar.com\/en\/wp-json\/wp\/v2\/pages"}],"about":[{"href":"https:\/\/consulsar.com\/en\/wp-json\/wp\/v2\/types\/page"}],"author":[{"embeddable":true,"href":"https:\/\/consulsar.com\/en\/wp-json\/wp\/v2\/users\/12"}],"replies":[{"embeddable":true,"href":"https:\/\/consulsar.com\/en\/wp-json\/wp\/v2\/comments?post=3"}],"version-history":[{"count":3,"href":"https:\/\/consulsar.com\/en\/wp-json\/wp\/v2\/pages\/3\/revisions"}],"predecessor-version":[{"id":100405,"href":"https:\/\/consulsar.com\/en\/wp-json\/wp\/v2\/pages\/3\/revisions\/100405"}],"wp:attachment":[{"href":"https:\/\/consulsar.com\/en\/wp-json\/wp\/v2\/media?parent=3"}],"curies":[{"name":"wp","href":"https:\/\/api.w.org\/{rel}","templated":true}]}}