{"id":100014,"date":"2025-02-25T14:04:48","date_gmt":"2025-02-25T14:04:48","guid":{"rendered":"http:\/\/consult.loc\/?page_id=1476"},"modified":"2025-04-22T17:23:43","modified_gmt":"2025-04-22T17:23:43","slug":"contacto","status":"publish","type":"page","link":"https:\/\/consulsar.com\/en\/contacto\/","title":{"rendered":"Contact"},"content":{"rendered":"<div class=\"wpb-content-wrapper\"><div class=\"vc_row wpb_row vc_row-fluid\"><div class=\"wpb_column vc_column_container vc_col-sm-12\"><div class=\"vc_column-inner\"><div class=\"wpb_wrapper\"><div class=\"vc_custom_heading text_align_center\" ><h1 style=\"color: #1E456E;text-align: center\" class=\"consulting-custom-title\">Contact<\/h1><\/div>\n\t<div class=\"wpb_text_column wpb_content_element vc_custom_1740594081434 border_base_color\" >\n\t\t<div class=\"wpb_wrapper\">\n\t\t\t<p>Connect with us at CONSULSAR. We offer reliable accounting and tax advice with a comprehensive approach and tailored solutions. Contact us today and optimize your financial management.<\/p>\n<p>Let us know if you have any questions or would like more information. Send us a message and we'll get back to you as soon as possible.<\/p>\n\n\t\t<\/div>\n\t<\/div>\n<div class=\"vc_empty_space\"   style=\"height: 32px\"><span class=\"vc_empty_space_inner\"><\/span><\/div><div class=\"vc_empty_space\"   style=\"height: 32px\"><span class=\"vc_empty_space_inner\"><\/span><\/div><\/div><\/div><\/div><\/div><div class=\"vc_row wpb_row vc_row-fluid vc_column-gap-20\"><div class=\"wpb_column vc_column_container vc_col-sm-6\"><div class=\"vc_column-inner\"><div class=\"wpb_wrapper\">\n<div class=\"stm_contacts_widget  style_4\">\n    \n            <h4 class=\"no_stripe\">Contact<\/h4>\n    \n    \n        <ul>\n                            <li>\n                    <div class=\"icon\"><i class=\"fa fa-map-marker\"><\/i><\/div>\n                    <div class=\"text\">CR 43A # 1a sur - 69, Oficina 401,<br \/>\nEdificio Tempo, Medell\u00edn - Antioquia<\/div>\n                <\/li>\n                                        <li>\n                    <div class=\"icon\"><i class=\"fa fa-phone\"><\/i><\/div>\n                    <div class=\"text\">\n                        +57 581 9181                                                    <br \/>+57 320 788 0482                                            <\/div>\n                <\/li>\n                                                    <li>\n                    <div class=\"icon\"><i class=\"fa fa-envelope\"><\/i><\/div>\n                    <div class=\"text\"><a href=\"mailto:&#99;&#111;&#110;s&#117;l&#115;&#97;r&#64;c&#111;&#110;&#115;uls&#97;r&#46;co&#109;\">&#99;ons&#117;&#108;sa&#114;&#64;co&#110;&#115;u&#108;&#115;&#97;&#114;.c&#111;&#109;<\/a><\/div>\n                <\/li>\n                                        <li>\n                    <div class=\"icon\"><i class=\"fa fa-clock-o\" aria-hidden=\"true\"><\/i><\/div>\n                    <div class=\"text\">Lunes a Viernes 7:30 \u2013 17:30,<br \/>\nSabado 9:00 \u2013 12:00<\/div>\n                <\/li>\n                    <\/ul>\n        \n    \n<\/div>\n<div class=\"wpcf7 no-js\" id=\"wpcf7-f6-o1\" lang=\"en-US\" dir=\"ltr\" data-wpcf7-id=\"6\">\n<div class=\"screen-reader-response\"><p role=\"status\" aria-live=\"polite\" aria-atomic=\"true\"><\/p> <ul><\/ul><\/div>\n<form action=\"\/en\/wp-json\/wp\/v2\/pages\/100014#wpcf7-f6-o1\" method=\"post\" class=\"wpcf7-form init\" aria-label=\"Contact form\" novalidate=\"novalidate\" data-status=\"init\" data-trp-original-action=\"\/en\/wp-json\/wp\/v2\/pages\/100014#wpcf7-f6-o1\">\n<fieldset class=\"hidden-fields-container\"><input type=\"hidden\" name=\"_wpcf7\" value=\"6\" \/><input type=\"hidden\" name=\"_wpcf7_version\" value=\"6.1.5\" \/><input type=\"hidden\" name=\"_wpcf7_locale\" value=\"en_US\" \/><input type=\"hidden\" name=\"_wpcf7_unit_tag\" value=\"wpcf7-f6-o1\" \/><input type=\"hidden\" name=\"_wpcf7_container_post\" value=\"0\" \/><input type=\"hidden\" name=\"_wpcf7_posted_data_hash\" value=\"\" \/><input type=\"hidden\" name=\"_wpcf7_recaptcha_response\" value=\"\" \/>\n<\/fieldset>\n<label> Your name\n    <span class=\"wpcf7-form-control-wrap\" data-name=\"your-name\"><input size=\"40\" maxlength=\"400\" class=\"wpcf7-form-control wpcf7-text wpcf7-validates-as-required\" autocomplete=\"name\" aria-required=\"true\" aria-invalid=\"false\" value=\"\" type=\"text\" name=\"your-name\" \/><\/span> <\/label>\n\n<label> Your email\n    <span class=\"wpcf7-form-control-wrap\" data-name=\"your-email\"><input size=\"40\" maxlength=\"400\" class=\"wpcf7-form-control wpcf7-email wpcf7-validates-as-required wpcf7-text wpcf7-validates-as-email\" autocomplete=\"email\" aria-required=\"true\" aria-invalid=\"false\" value=\"\" type=\"email\" name=\"your-email\" \/><\/span> <\/label>\n\n<label> Your phone\n    <span class=\"wpcf7-form-control-wrap\" data-name=\"tel-375\"><input size=\"40\" maxlength=\"400\" class=\"wpcf7-form-control wpcf7-tel wpcf7-text wpcf7-validates-as-tel\" aria-invalid=\"false\" value=\"\" type=\"tel\" name=\"tel-375\" \/><\/span><\/label>\n\n<label> Subject\n    <span class=\"wpcf7-form-control-wrap\" data-name=\"your-subject\"><input size=\"40\" maxlength=\"400\" class=\"wpcf7-form-control wpcf7-text wpcf7-validates-as-required\" aria-required=\"true\" aria-invalid=\"false\" value=\"\" type=\"text\" name=\"your-subject\" \/><\/span> <\/label>\n\n<label> Your message (optional)\n    <span class=\"wpcf7-form-control-wrap\" data-name=\"your-message\"><textarea cols=\"40\" rows=\"10\" maxlength=\"2000\" class=\"wpcf7-form-control wpcf7-textarea\" aria-invalid=\"false\" name=\"your-message\"><\/textarea><\/span> <\/label>\n\n<input class=\"wpcf7-form-control wpcf7-submit has-spinner\" type=\"submit\" value=\"Send\" \/><div class=\"wpcf7-response-output\" aria-hidden=\"true\"><\/div>\n<input type=\"hidden\" name=\"trp-form-language\" value=\"en\"\/><\/form>\n<\/div>\n<div class=\"vc_empty_space\"   style=\"height: 32px\"><span class=\"vc_empty_space_inner\"><\/span><\/div><\/div><\/div><\/div><div class=\"wpb_column vc_column_container vc_col-sm-6\"><div class=\"vc_column-inner\"><div class=\"wpb_wrapper\"><div class=\"vc_row wpb_row vc_inner vc_row-fluid\"><div class=\"wpb_column vc_column_container vc_col-sm-12\"><div class=\"vc_column-inner\"><div class=\"wpb_wrapper\">\n\t<div  class=\"wpb_single_image wpb_content_element vc_align_left wpb_content_element\">\n\t\t\n\t\t<figure class=\"wpb_wrapper vc_figure\">\n\t\t\t<div class=\"vc_single_image-wrapper   vc_box_border_grey\"><img loading=\"lazy\" decoding=\"async\" width=\"1707\" height=\"2560\" src=\"https:\/\/consulsar.com\/wp-content\/uploads\/2025\/02\/CONTACTO-CONSULSAR-scaled.jpg\" class=\"vc_single_image-img attachment-full\" alt=\"\" title=\"CONTACTO-CONSULSAR\" srcset=\"https:\/\/consulsar.com\/wp-content\/uploads\/2025\/02\/CONTACTO-CONSULSAR-scaled.jpg 1707w, https:\/\/consulsar.com\/wp-content\/uploads\/2025\/02\/CONTACTO-CONSULSAR-200x300.jpg 200w, https:\/\/consulsar.com\/wp-content\/uploads\/2025\/02\/CONTACTO-CONSULSAR-683x1024.jpg 683w, https:\/\/consulsar.com\/wp-content\/uploads\/2025\/02\/CONTACTO-CONSULSAR-768x1152.jpg 768w, https:\/\/consulsar.com\/wp-content\/uploads\/2025\/02\/CONTACTO-CONSULSAR-1024x1536.jpg 1024w, https:\/\/consulsar.com\/wp-content\/uploads\/2025\/02\/CONTACTO-CONSULSAR-1365x2048.jpg 1365w, https:\/\/consulsar.com\/wp-content\/uploads\/2025\/02\/CONTACTO-CONSULSAR-900x1350.jpg 900w\" sizes=\"auto, (max-width: 1707px) 100vw, 1707px\" \/><\/div>\n\t\t<\/figure>\n\t<\/div>\n<\/div><\/div><\/div><\/div><div class=\"vc_empty_space\"   style=\"height: 32px\"><span class=\"vc_empty_space_inner\"><\/span><\/div><\/div><\/div><\/div><div class=\"wpb_column vc_column_container vc_col-sm-12\"><div class=\"vc_column-inner\"><div class=\"wpb_wrapper\"><\/div><\/div><\/div><\/div><div data-vc-full-width=\"true\" data-vc-full-width-init=\"false\" data-vc-stretch-content=\"true\" class=\"vc_row wpb_row vc_row-fluid vc_custom_1485423323752 vc_row-no-padding\"><div class=\"wpb_column vc_column_container vc_col-sm-12\"><div class=\"vc_column-inner\"><div class=\"wpb_wrapper\"><div class=\"wpb_gmaps_widget wpb_content_element\"><div class=\"wpb_wrapper\"><div class=\"wpb_map_wraper\"><iframe loading=\"lazy\" src=\"https:\/\/www.google.com\/maps\/embed?pb=!1m18!1m12!1m3!1d701.1783796660635!2d-75.57342979446491!3d6.202370717283085!2m3!1f0!2f0!3f0!3m2!1i1024!2i768!4f13.1!3m3!1m2!1s0x8e468280cb67cfc5%3A0xf7c4bec7dd77d199!2sEdificio%20Tempo!5e0!3m2!1ses!2sco!4v1740499035542!5m2!1ses!2sco\" width=\"100%\" height=\"420px\" frameborder=\"0\" style=\"border:0\" allowfullscreen><\/iframe><\/div><\/div><\/div><\/div><\/div><\/div><\/div><div class=\"vc_row-full-width vc_clearfix\"><\/div>\n<\/div>","protected":false},"excerpt":{"rendered":"Contacto Con\u00e9cta con nosotros, en CONSULSAR, te ofrecemos asesor\u00eda contable y tributaria confiable, con un enfoque global y soluciones a la medida. Cont\u00e1ctanos hoy y optimiza tu gesti\u00f3n financiera. D\u00e9janos saber si tienes alguna consulta o si deseas obtener m\u00e1s informaci\u00f3n, env\u00edanos un mensaje y te contestaremos lo antes posible. Contacto CR 43A # 1a","protected":false},"author":12,"featured_media":0,"parent":0,"menu_order":0,"comment_status":"closed","ping_status":"closed","template":"","meta":{"om_disable_all_campaigns":false,"_monsterinsights_skip_tracking":false,"_monsterinsights_sitenote_active":false,"_monsterinsights_sitenote_note":"","_monsterinsights_sitenote_category":0,"footnotes":""},"class_list":["post-100014","page","type-page","status-publish","hentry"],"aioseo_notices":[],"_links":{"self":[{"href":"https:\/\/consulsar.com\/en\/wp-json\/wp\/v2\/pages\/100014","targetHints":{"allow":["GET"]}}],"collection":[{"href":"https:\/\/consulsar.com\/en\/wp-json\/wp\/v2\/pages"}],"about":[{"href":"https:\/\/consulsar.com\/en\/wp-json\/wp\/v2\/types\/page"}],"author":[{"embeddable":true,"href":"https:\/\/consulsar.com\/en\/wp-json\/wp\/v2\/users\/12"}],"replies":[{"embeddable":true,"href":"https:\/\/consulsar.com\/en\/wp-json\/wp\/v2\/comments?post=100014"}],"version-history":[{"count":13,"href":"https:\/\/consulsar.com\/en\/wp-json\/wp\/v2\/pages\/100014\/revisions"}],"predecessor-version":[{"id":100467,"href":"https:\/\/consulsar.com\/en\/wp-json\/wp\/v2\/pages\/100014\/revisions\/100467"}],"wp:attachment":[{"href":"https:\/\/consulsar.com\/en\/wp-json\/wp\/v2\/media?parent=100014"}],"curies":[{"name":"wp","href":"https:\/\/api.w.org\/{rel}","templated":true}]}}